{"id":252,"date":"2019-09-26T15:45:07","date_gmt":"2019-09-26T15:45:07","guid":{"rendered":"https:\/\/studiolegaleauderesemper.it\/?page_id=252"},"modified":"2019-11-29T08:15:12","modified_gmt":"2019-11-29T08:15:12","slug":"chi-siamo","status":"publish","type":"page","link":"https:\/\/studiolegaleauderesemper.it\/?page_id=252","title":{"rendered":"Chi siamo"},"content":{"rendered":"<h2>La nostra storia<\/h2>\n<p>Lo studio legale \u201cAudere Semper\u201d diventa tale nella forma di studio associato soltanto da alcuni di anni, quando gli Avvocati e coniugi Bruno Barbieri e Antonella Saporito decidono di associarsi dopo avere lavorato nel medesimo studio da primi anni 2000 e dopo aver studiato presso la Facolt\u00e0 di Giurisprudenza dell\u2019Alma Mater Studiorum di Bologna ed essersi cos\u00ec laureati a distanza di pochi anni, attribuendo allo studio come motto identificativo in lingua latina \u201cAudere Semper\u201d (in italiano \u201c osare sempre\u201d) proprio per sottolineare come da sempre i due legali fondatori dello studio hanno caratterizzato la loro attivit\u00e0 professionale, nel senso di tentare di estendere quanto pi\u00f9 possibile l\u2019area di tutela del diritto dei cittadini, con particolare attenzione ai soggetti socialmente pi\u00f9 deboli. Venne poi in seguito deciso di attribuire allo studio anche il logo dell\u2019aquila ad indicare la forza della ragione con cui lo studio intende affrontare le questioni affidategli. Lo studio si occupa, anche grazie alla collaborazione di ottimi collaboratori sia interni che esterni allo studio, di tutta l\u2019area del diritto, ricomprendendo il diritto civile, il diritto penale, il diritto bancario, il diritto di famiglia, il diritto del lavoro, il diritto sindacale, il diritto amministrativo, il diritto agrario, il diritto tributario e la volontaria giurisdizione. Lo studio legale associato in particolare si occupa da quindici anni di tutto ci\u00f2 che riguarda al tutela degli utenti dei consumatori e dell\u2019ambiente, essendo i due soci Presidente Regionale dell\u2019Emilia Romagna del CODACONS (Coordinamento di Associazioni per la protezione dell\u2019ambiente e la tutela dei diritti di utenti e consumatori) Avv. Bruno Barbieri, che \u00e8 anche Vice Presidente Nazionale della medesima associazione, e Vice Presidente Regionale del CODACONS Emilia Romagna \u2013 Avv. Antonella Saporito. In questa veste entrambi i soci si sono occupati di predisporre e promuovere all\u2019interno dei procedimenti penali le costituzioni di parte civile del CODACONS e dei numerosi cittadini danneggiati dai reati di truffa e dai reati di malasanit\u00e0, nonch\u00e9 nei procedimenti penali relativi a reati societari come il falso in bilancio o le false comunicazioni sociali, ed infine reati contro l\u2019ambiente.<\/p>\n<h2>I Nostri Successi<\/h2>\n<p>Lo studio si \u00e8, a far data dal 2004, specializzato anche nella tutela dei risparmiatori danneggiati dai crack finanziari succedutisi nei primi anni 2000 (Argentina , Cirio, Parmalat, La veggia) e nel pi\u00f9 recente default della banca statunitense Lehman Brothers. Le controversie affrontate dallo studio hanno quindi riguardato sia i rapporti basati su contratti quadro \u2013 contratti di intermediazione finanziaria, sia contratti di gestione patrimoniale, sia ancora sulla base di polizze assicurative vita united linked. Sempre nell\u2019ambito di tale specializzazione, lo studio si occupa di individuare, anche grazie alla collaborazione di diversi consulenti finanziari, i fenomeni di usura intesa come richiesta di tassi di interesse eccedenti il limite-soglia stabilito dalla banca d\u2019Italia, ovvero come richiesta indebita di varie commissioni all\u2019interno del rapporto di conto corrente e\/o di mutuo. Nel medesimo settore, poi, lo studio legale ha svolto molte verifiche di segnalazioni indebite di sforamenti delle linee di credito affidate presso la Centrale Rischi di Banca d\u2019Italia, nonch\u00e9 presso altre banche dati interbancarie e\/o banche dati dei \u201ccattivi pagatori\u201d, frutto o di errori di segnalazione o di segnalazioni indebite frutto di sforamenti delle linee concesse, a seguito di applicazioni di tassi usurai o commissioni non dovute con conseguenti richieste di risarcimento danni nei confronti delle finanziarie, degli istituti di credito o di soggetti terzi. In questo ambito, delle centinaia di controversie di cui lo studio si \u00e8 occupato, la percentuale di successi \u00e8 stata pari all\u201985%, intesa come percentuale assoluta di cause civili e ammnistrative, di lavoro, ecc.. conclusesi con esito positivo in transazione con gli istituti di credito e\/o finanziarie e\/o assicurazioni, con una percentuale di sentenze favorevoli sul restante 15% di azioni andate a sentenza (pari al 93%). Ci\u00f2 determinando, di fatto, una percentuale media di successi eccedente il 95 % dei casi trattati. Questo risultato \u00e8 il frutto di una attenta analisi delle questioni sottoposte dai clienti, che vengono assunte dallo studio solo quando si intravedono buone prospettive di successo. Il dato \u00e8 ancora pi\u00f9 rilevante se si tiene conto che lo studio in pi\u00f9 occasioni ha accettato di assumere<\/p>\n","protected":false},"excerpt":{"rendered":"<p>La nostra storia Lo studio legale \u201cAudere Semper\u201d diventa tale nella forma di studio associato soltanto da alcuni di anni, quando gli Avvocati e coniugi&hellip;<\/p>\n","protected":false},"author":1,"featured_media":0,"parent":0,"menu_order":0,"comment_status":"closed","ping_status":"closed","template":"","meta":[],"_links":{"self":[{"href":"https:\/\/studiolegaleauderesemper.it\/index.php?rest_route=\/wp\/v2\/pages\/252"}],"collection":[{"href":"https:\/\/studiolegaleauderesemper.it\/index.php?rest_route=\/wp\/v2\/pages"}],"about":[{"href":"https:\/\/studiolegaleauderesemper.it\/index.php?rest_route=\/wp\/v2\/types\/page"}],"author":[{"embeddable":true,"href":"https:\/\/studiolegaleauderesemper.it\/index.php?rest_route=\/wp\/v2\/users\/1"}],"replies":[{"embeddable":true,"href":"https:\/\/studiolegaleauderesemper.it\/index.php?rest_route=%2Fwp%2Fv2%2Fcomments&post=252"}],"version-history":[{"count":3,"href":"https:\/\/studiolegaleauderesemper.it\/index.php?rest_route=\/wp\/v2\/pages\/252\/revisions"}],"predecessor-version":[{"id":302,"href":"https:\/\/studiolegaleauderesemper.it\/index.php?rest_route=\/wp\/v2\/pages\/252\/revisions\/302"}],"wp:attachment":[{"href":"https:\/\/studiolegaleauderesemper.it\/index.php?rest_route=%2Fwp%2Fv2%2Fmedia&parent=252"}],"curies":[{"name":"wp","href":"https:\/\/api.w.org\/{rel}","templated":true}]}}