{"id":251,"date":"2019-09-26T15:45:02","date_gmt":"2019-09-26T15:45:02","guid":{"rendered":"https:\/\/studiolegaleauderesemper.it\/?page_id=251"},"modified":"2019-11-29T08:34:04","modified_gmt":"2019-11-29T08:34:04","slug":"servizi","status":"publish","type":"page","link":"https:\/\/studiolegaleauderesemper.it\/?page_id=251","title":{"rendered":"Servizi"},"content":{"rendered":"\t\t<div data-elementor-type=\"wp-page\" data-elementor-id=\"251\" class=\"elementor elementor-251\" data-elementor-settings=\"[]\">\n\t\t\t\t\t\t<div class=\"elementor-inner\">\n\t\t\t\t\t\t\t<div class=\"elementor-section-wrap\">\n\t\t\t\t\t\t\t<section class=\"elementor-section elementor-top-section elementor-element elementor-element-f5e8aad elementor-section-boxed elementor-section-height-default elementor-section-height-default\" data-id=\"f5e8aad\" data-element_type=\"section\">\n\t\t\t\t\t\t<div class=\"elementor-container elementor-column-gap-default\">\n\t\t\t\t\t\t\t<div class=\"elementor-row\">\n\t\t\t\t\t<div class=\"elementor-column elementor-col-100 elementor-top-column elementor-element elementor-element-192c1ad\" data-id=\"192c1ad\" data-element_type=\"column\">\n\t\t\t<div class=\"elementor-column-wrap elementor-element-populated\">\n\t\t\t\t\t\t\t<div class=\"elementor-widget-wrap\">\n\t\t\t\t\t\t<div class=\"elementor-element elementor-element-101955f elementor-widget elementor-widget-image-gallery\" data-id=\"101955f\" data-element_type=\"widget\" data-widget_type=\"image-gallery.default\">\n\t\t\t\t<div class=\"elementor-widget-container\">\n\t\t\t\t\t<div class=\"elementor-image-gallery\">\n\t\t\t<div id='gallery-1' class='gallery galleryid-251 gallery-columns-3 gallery-size-full'><figure class='gallery-item'>\n\t\t\t<div class='gallery-icon landscape'>\n\t\t\t\t<a data-elementor-open-lightbox=\"yes\" data-elementor-lightbox-slideshow=\"101955f\" data-elementor-lightbox-title=\"366a1ba3-247e-4e8f-ae38-03808666e7fa\" href='https:\/\/studiolegaleauderesemper.it\/wp-content\/uploads\/2019\/11\/366a1ba3-247e-4e8f-ae38-03808666e7fa.jpeg'><img width=\"640\" height=\"427\" src=\"https:\/\/studiolegaleauderesemper.it\/wp-content\/uploads\/2019\/11\/366a1ba3-247e-4e8f-ae38-03808666e7fa.jpeg\" class=\"attachment-full size-full\" alt=\"Consulenza\" loading=\"lazy\" aria-describedby=\"gallery-1-304\" srcset=\"https:\/\/studiolegaleauderesemper.it\/wp-content\/uploads\/2019\/11\/366a1ba3-247e-4e8f-ae38-03808666e7fa.jpeg 640w, https:\/\/studiolegaleauderesemper.it\/wp-content\/uploads\/2019\/11\/366a1ba3-247e-4e8f-ae38-03808666e7fa-300x200.jpeg 300w, https:\/\/studiolegaleauderesemper.it\/wp-content\/uploads\/2019\/11\/366a1ba3-247e-4e8f-ae38-03808666e7fa-600x400.jpeg 600w\" sizes=\"(max-width: 640px) 100vw, 640px\" \/><\/a>\n\t\t\t<\/div>\n\t\t\t\t<figcaption class='wp-caption-text gallery-caption' id='gallery-1-304'>\n\t\t\t\tIn qualit\u00e0 di cliente, sei la nostra priorit\u00e0. Desideriamo che trovi la soluzione pi\u00f9 adatta alla soluzione del tuo problema. La massima consulenza \u00e8 perci\u00f2 il requisito fondamentale affinch\u00e9 tu possa decidere in modo consapevole.\n\t\t\t\t<\/figcaption><\/figure><figure class='gallery-item'>\n\t\t\t<div class='gallery-icon landscape'>\n\t\t\t\t<a data-elementor-open-lightbox=\"yes\" data-elementor-lightbox-slideshow=\"101955f\" data-elementor-lightbox-title=\"82262fd2f76f77728b6be6eb48a3b35060bcabd8888bbde2e7616cc16ce4fecd\" href='https:\/\/studiolegaleauderesemper.it\/wp-content\/uploads\/2019\/11\/82262fd2f76f77728b6be6eb48a3b35060bcabd8888bbde2e7616cc16ce4fecd.jpeg'><img width=\"640\" height=\"427\" src=\"https:\/\/studiolegaleauderesemper.it\/wp-content\/uploads\/2019\/11\/82262fd2f76f77728b6be6eb48a3b35060bcabd8888bbde2e7616cc16ce4fecd.jpeg\" class=\"attachment-full size-full\" alt=\"\" loading=\"lazy\" aria-describedby=\"gallery-1-305\" srcset=\"https:\/\/studiolegaleauderesemper.it\/wp-content\/uploads\/2019\/11\/82262fd2f76f77728b6be6eb48a3b35060bcabd8888bbde2e7616cc16ce4fecd.jpeg 640w, https:\/\/studiolegaleauderesemper.it\/wp-content\/uploads\/2019\/11\/82262fd2f76f77728b6be6eb48a3b35060bcabd8888bbde2e7616cc16ce4fecd-300x200.jpeg 300w, https:\/\/studiolegaleauderesemper.it\/wp-content\/uploads\/2019\/11\/82262fd2f76f77728b6be6eb48a3b35060bcabd8888bbde2e7616cc16ce4fecd-600x400.jpeg 600w\" sizes=\"(max-width: 640px) 100vw, 640px\" \/><\/a>\n\t\t\t<\/div>\n\t\t\t\t<figcaption class='wp-caption-text gallery-caption' id='gallery-1-305'>\n\t\t\t\tTutela\n\t\t\t\t<\/figcaption><\/figure><figure class='gallery-item'>\n\t\t\t<div class='gallery-icon landscape'>\n\t\t\t\t<a data-elementor-open-lightbox=\"yes\" data-elementor-lightbox-slideshow=\"101955f\" data-elementor-lightbox-title=\"epitavi150500031\" href='https:\/\/studiolegaleauderesemper.it\/wp-content\/uploads\/2019\/11\/epitavi150500031.jpg'><img width=\"640\" height=\"427\" src=\"https:\/\/studiolegaleauderesemper.it\/wp-content\/uploads\/2019\/11\/epitavi150500031.jpg\" class=\"attachment-full size-full\" alt=\"Patrocinio\" loading=\"lazy\" aria-describedby=\"gallery-1-306\" srcset=\"https:\/\/studiolegaleauderesemper.it\/wp-content\/uploads\/2019\/11\/epitavi150500031.jpg 640w, https:\/\/studiolegaleauderesemper.it\/wp-content\/uploads\/2019\/11\/epitavi150500031-300x200.jpg 300w, https:\/\/studiolegaleauderesemper.it\/wp-content\/uploads\/2019\/11\/epitavi150500031-600x400.jpg 600w\" sizes=\"(max-width: 640px) 100vw, 640px\" \/><\/a>\n\t\t\t<\/div>\n\t\t\t\t<figcaption class='wp-caption-text gallery-caption' id='gallery-1-306'>\n\t\t\t\tPatrocinio\n\t\t\t\t<\/figcaption><\/figure>\n\t\t<\/div>\n\t\t<\/div>\n\t\t\t\t<\/div>\n\t\t\t\t<\/div>\n\t\t\t\t\t\t<\/div>\n\t\t\t\t\t<\/div>\n\t\t<\/div>\n\t\t\t\t\t\t\t\t<\/div>\n\t\t\t\t\t<\/div>\n\t\t<\/section>\n\t\t\t\t\t\t<\/div>\n\t\t\t\t\t\t<\/div>\n\t\t\t\t\t<\/div>\n\t\t","protected":false},"excerpt":{"rendered":"<p>Consulenza Tutela Patrocinio<\/p>\n","protected":false},"author":1,"featured_media":0,"parent":0,"menu_order":0,"comment_status":"closed","ping_status":"closed","template":"","meta":[],"_links":{"self":[{"href":"https:\/\/studiolegaleauderesemper.it\/index.php?rest_route=\/wp\/v2\/pages\/251"}],"collection":[{"href":"https:\/\/studiolegaleauderesemper.it\/index.php?rest_route=\/wp\/v2\/pages"}],"about":[{"href":"https:\/\/studiolegaleauderesemper.it\/index.php?rest_route=\/wp\/v2\/types\/page"}],"author":[{"embeddable":true,"href":"https:\/\/studiolegaleauderesemper.it\/index.php?rest_route=\/wp\/v2\/users\/1"}],"replies":[{"embeddable":true,"href":"https:\/\/studiolegaleauderesemper.it\/index.php?rest_route=%2Fwp%2Fv2%2Fcomments&post=251"}],"version-history":[{"count":8,"href":"https:\/\/studiolegaleauderesemper.it\/index.php?rest_route=\/wp\/v2\/pages\/251\/revisions"}],"predecessor-version":[{"id":313,"href":"https:\/\/studiolegaleauderesemper.it\/index.php?rest_route=\/wp\/v2\/pages\/251\/revisions\/313"}],"wp:attachment":[{"href":"https:\/\/studiolegaleauderesemper.it\/index.php?rest_route=%2Fwp%2Fv2%2Fmedia&parent=251"}],"curies":[{"name":"wp","href":"https:\/\/api.w.org\/{rel}","templated":true}]}}